{"id":380,"date":"2020-06-25T16:07:16","date_gmt":"2020-06-25T14:07:16","guid":{"rendered":"http:\/\/forum-entreprises.imt-lille-douai.fr\/forums\/?page_id=380"},"modified":"2025-07-02T16:57:08","modified_gmt":"2025-07-02T14:57:08","slug":"prestations-proposees","status":"publish","type":"page","link":"https:\/\/forum-entreprises.imt-nord-europe.fr\/forums\/index.php\/prestations-proposees\/","title":{"rendered":"Prestations"},"content":{"rendered":"\r\n<div class=\"wp-block-columns is-layout-flex wp-container-core-columns-is-layout-9d6595d7 wp-block-columns-is-layout-flex\">\r\n<div class=\"wp-block-column is-layout-flow wp-block-column-is-layout-flow\">\u00a0<\/div>\r\n\r\n\r\n\r\n<div class=\"wp-block-column is-layout-flow wp-block-column-is-layout-flow\">\u00a0<\/div>\r\n<\/div>\r\n\r\n\r\n\r\n<h3 class=\"wp-block-heading\"><strong>Participation en pr\u00e9sentiel\u00a0:<\/strong><\/h3>\r\n\r\n\r\n\r\n<p><strong><i class=\"fas fa-user-tie\" style=\"font-size: 2em; margin-right: 15px; color: #f2a900;\"><\/i><strong>Un espace physique\u00a0<\/strong>comprenant 1 table et 5 chaises<\/strong>\u00a0pour accueillir vos collaborateurs\u00a0ainsi que nos \u00e9tudiants\u00a0et jeunes dipl\u00f4m\u00e9s.<\/p>\r\n<ul>\r\n<li>Possibilit\u00e9 de d\u00e9ployer\u00a0<strong>1 \u00e0 2 kakemonos<\/strong> maximum par exposant.\u00a0<\/li>\r\n<\/ul>\r\n<p>\r\n\r\n<\/p>\r\n<p><strong><i class=\"fas fa-user-graduate\" style=\"font-size: 2em; margin-right: 15px; color: #f2a900;\"><\/i>Un(e)<\/strong>\u00a0<strong>\u00e9tudiant(e) ambassadeur\u00a0<\/strong>de la\u00a0<strong>Junior Entreprise de l\u2019\u00e9cole attitr\u00e9(e)<\/strong>\u00a0pour vous accompagner et assurer le lien avec l\u2019\u00e9quipe organisatrice pour votre participation.<\/p>\r\n<p>\r\n\r\n<\/p>\r\n<p><i class=\"far fa-thumbs-up\" style=\"font-size: 2em; margin-right: 15px; color: #f2a900;\"><\/i>Une\u00a0<strong>communication avant, pendant et apr\u00e8s l\u2019\u00e9v\u00e9nement.<\/strong><\/p>\r\n<p>\r\n\r\n\r\n\r\n<\/p>\r\n<ul>\r\n<li><strong>Accueil petit d\u00e9jeuner &#8211; 3 Packs lunchs \u2013 <\/strong>service boissons assur\u00e9 toute la journ\u00e9e.<\/li>\r\n<\/ul>\r\n<p>\r\n\r\n<\/p>\r\n<ul>\r\n<li><strong>Acc\u00e8s wifi<\/strong>.<\/li>\r\n<\/ul>\r\n<p>\r\n\r\n<\/p>\r\n<ul>\r\n<li><strong>Acc\u00e8s parking<\/strong>.<\/li>\r\n<\/ul>\r\n<p><\/p>","protected":false},"excerpt":{"rendered":"<p>\u00a0 \u00a0 Participation en pr\u00e9sentiel\u00a0: Un espace physique\u00a0comprenant 1 table et 5 chaises\u00a0pour accueillir vos collaborateurs\u00a0ainsi que nos \u00e9tudiants\u00a0et jeunes dipl\u00f4m\u00e9s. Possibilit\u00e9 de d\u00e9ployer\u00a01 \u00e0 2 kakemonos maximum par exposant.\u00a0 Un(e)\u00a0\u00e9tudiant(e) ambassadeur\u00a0de la\u00a0Junior Entreprise de l\u2019\u00e9cole attitr\u00e9(e)\u00a0pour vous accompagner et assurer le lien avec l\u2019\u00e9quipe organisatrice pour votre participation. Une\u00a0communication avant, pendant et apr\u00e8s l\u2019\u00e9v\u00e9nement. [&hellip;]<\/p>\n","protected":false},"author":1,"featured_media":990,"parent":0,"menu_order":0,"comment_status":"closed","ping_status":"closed","template":"templates\/template-full-width.php","meta":{"footnotes":""},"class_list":["post-380","page","type-page","status-publish","has-post-thumbnail","hentry"],"_links":{"self":[{"href":"https:\/\/forum-entreprises.imt-nord-europe.fr\/forums\/index.php\/wp-json\/wp\/v2\/pages\/380","targetHints":{"allow":["GET"]}}],"collection":[{"href":"https:\/\/forum-entreprises.imt-nord-europe.fr\/forums\/index.php\/wp-json\/wp\/v2\/pages"}],"about":[{"href":"https:\/\/forum-entreprises.imt-nord-europe.fr\/forums\/index.php\/wp-json\/wp\/v2\/types\/page"}],"author":[{"embeddable":true,"href":"https:\/\/forum-entreprises.imt-nord-europe.fr\/forums\/index.php\/wp-json\/wp\/v2\/users\/1"}],"replies":[{"embeddable":true,"href":"https:\/\/forum-entreprises.imt-nord-europe.fr\/forums\/index.php\/wp-json\/wp\/v2\/comments?post=380"}],"version-history":[{"count":92,"href":"https:\/\/forum-entreprises.imt-nord-europe.fr\/forums\/index.php\/wp-json\/wp\/v2\/pages\/380\/revisions"}],"predecessor-version":[{"id":1339,"href":"https:\/\/forum-entreprises.imt-nord-europe.fr\/forums\/index.php\/wp-json\/wp\/v2\/pages\/380\/revisions\/1339"}],"wp:featuredmedia":[{"embeddable":true,"href":"https:\/\/forum-entreprises.imt-nord-europe.fr\/forums\/index.php\/wp-json\/wp\/v2\/media\/990"}],"wp:attachment":[{"href":"https:\/\/forum-entreprises.imt-nord-europe.fr\/forums\/index.php\/wp-json\/wp\/v2\/media?parent=380"}],"curies":[{"name":"wp","href":"https:\/\/api.w.org\/{rel}","templated":true}]}}