{"id":9,"date":"2020-06-02T10:57:56","date_gmt":"2020-06-02T08:57:56","guid":{"rendered":"http:\/\/forum-entreprises.imt-lille-douai.fr\/forums\/?page_id=9"},"modified":"2021-08-30T16:17:45","modified_gmt":"2021-08-30T14:17:45","slug":"contact","status":"publish","type":"page","link":"https:\/\/forum-entreprises.imt-nord-europe.fr\/forums\/index.php\/contact\/","title":{"rendered":"Contactez-nous !"},"content":{"rendered":"\n<figure class=\"wp-block-pullquote is-style-default\"><blockquote><p>L&rsquo;\u00e9quipe de la Direction des Partenariats \u00c9conomiques et Carri\u00e8res d&rsquo;IMT Nord Europe se tient \u00e0 votre disposition pour r\u00e9pondre \u00e0 toute demande.<\/p><\/blockquote><\/figure>\n\n\n\n<p class=\"has-text-align-center has-large-font-size\"><strong>\u00c0 bient\u00f4t !<\/strong><\/p>\n\n\n\n<blockquote class=\"wp-block-quote is-layout-flow wp-block-quote-is-layout-flow\"><div role=\"form\" class=\"wpcf7\" id=\"wpcf7-f179-o1\" lang=\"fr-FR\" dir=\"ltr\">\n<div class=\"screen-reader-response\" aria-live=\"polite\"><\/div>\n<form action=\"\/forums\/index.php\/wp-json\/wp\/v2\/pages\/9#wpcf7-f179-o1\" method=\"post\" class=\"wpcf7-form\" novalidate=\"novalidate\">\n<div style=\"display: none;\">\n<input type=\"hidden\" name=\"_wpcf7\" value=\"179\" \/>\n<input type=\"hidden\" name=\"_wpcf7_version\" value=\"5.1.9\" \/>\n<input type=\"hidden\" name=\"_wpcf7_locale\" value=\"fr_FR\" \/>\n<input type=\"hidden\" name=\"_wpcf7_unit_tag\" value=\"wpcf7-f179-o1\" \/>\n<input type=\"hidden\" name=\"_wpcf7_container_post\" value=\"0\" \/>\n<\/div>\n<p><label> Votre nom (obligatoire)<br \/>\n    <span class=\"wpcf7-form-control-wrap your-name\"><input type=\"text\" name=\"your-name\" value=\"\" size=\"40\" class=\"wpcf7-form-control wpcf7-text wpcf7-validates-as-required\" aria-required=\"true\" aria-invalid=\"false\" \/><\/span> <\/label><\/p>\n<p><label> Votre adresse de messagerie (obligatoire)<br \/>\n    <span class=\"wpcf7-form-control-wrap your-email\"><input type=\"email\" name=\"your-email\" value=\"\" size=\"40\" class=\"wpcf7-form-control wpcf7-text wpcf7-email wpcf7-validates-as-required wpcf7-validates-as-email\" aria-required=\"true\" aria-invalid=\"false\" \/><\/span> <\/label><\/p>\n<p><label> Objet<br \/>\n    <span class=\"wpcf7-form-control-wrap your-subject\"><input type=\"text\" name=\"your-subject\" value=\"\" size=\"40\" class=\"wpcf7-form-control wpcf7-text\" aria-invalid=\"false\" \/><\/span> <\/label><\/p>\n<p><label> Votre message<br \/>\n    <span class=\"wpcf7-form-control-wrap your-message\"><textarea name=\"your-message\" cols=\"40\" rows=\"10\" class=\"wpcf7-form-control wpcf7-textarea\" aria-invalid=\"false\"><\/textarea><\/span> <\/label><\/p>\n<p><label style=\"display:none\"> Anti-spam<br \/>\n    <span class=\"wpcf7-form-control-wrap test\"><input type=\"text\" name=\"test\" value=\"\" size=\"40\" class=\"wpcf7-form-control wpcf7-text\" aria-invalid=\"false\" \/><\/span> <\/label><\/p>\n<p><span class=\"wpcf7-form-control-wrap\" data-name=\"hcap-cf7\"><span id=\"hcap_cf7-69e4c84a8bca32.81058878\" class=\"wpcf7-form-control h-captcha\" data-sitekey=\"cc636330-ea7c-4909-a1fd-1fd14fbc7ee1\" data-theme=\"light\" data-size=\"normal\"><\/span><\/span><input type=\"hidden\" id=\"_wpnonce\" name=\"_wpnonce\" value=\"8d994786aa\" \/><input type=\"hidden\" name=\"_wp_http_referer\" value=\"\/forums\/index.php\/wp-json\/wp\/v2\/pages\/9\" \/><input type=\"submit\" value=\"Envoyer\" class=\"wpcf7-form-control wpcf7-submit\" \/><\/p>\n<div class=\"wpcf7-response-output wpcf7-display-none\" aria-hidden=\"true\"><\/div><\/form><\/div><\/blockquote>\n\n\n\n<p><\/p>\n","protected":false},"excerpt":{"rendered":"<p>L&rsquo;\u00e9quipe de la Direction des Partenariats \u00c9conomiques et Carri\u00e8res d&rsquo;IMT Nord Europe se tient \u00e0 votre disposition pour r\u00e9pondre \u00e0 toute demande. \u00c0 bient\u00f4t !<\/p>\n","protected":false},"author":1,"featured_media":0,"parent":0,"menu_order":0,"comment_status":"closed","ping_status":"closed","template":"","meta":{"footnotes":""},"class_list":["post-9","page","type-page","status-publish","hentry"],"_links":{"self":[{"href":"https:\/\/forum-entreprises.imt-nord-europe.fr\/forums\/index.php\/wp-json\/wp\/v2\/pages\/9","targetHints":{"allow":["GET"]}}],"collection":[{"href":"https:\/\/forum-entreprises.imt-nord-europe.fr\/forums\/index.php\/wp-json\/wp\/v2\/pages"}],"about":[{"href":"https:\/\/forum-entreprises.imt-nord-europe.fr\/forums\/index.php\/wp-json\/wp\/v2\/types\/page"}],"author":[{"embeddable":true,"href":"https:\/\/forum-entreprises.imt-nord-europe.fr\/forums\/index.php\/wp-json\/wp\/v2\/users\/1"}],"replies":[{"embeddable":true,"href":"https:\/\/forum-entreprises.imt-nord-europe.fr\/forums\/index.php\/wp-json\/wp\/v2\/comments?post=9"}],"version-history":[{"count":12,"href":"https:\/\/forum-entreprises.imt-nord-europe.fr\/forums\/index.php\/wp-json\/wp\/v2\/pages\/9\/revisions"}],"predecessor-version":[{"id":863,"href":"https:\/\/forum-entreprises.imt-nord-europe.fr\/forums\/index.php\/wp-json\/wp\/v2\/pages\/9\/revisions\/863"}],"wp:attachment":[{"href":"https:\/\/forum-entreprises.imt-nord-europe.fr\/forums\/index.php\/wp-json\/wp\/v2\/media?parent=9"}],"curies":[{"name":"wp","href":"https:\/\/api.w.org\/{rel}","templated":true}]}}